{"id":62,"date":"2017-02-28T19:09:41","date_gmt":"2017-02-28T18:09:41","guid":{"rendered":"http:\/\/sporilovb3.cz.uvirt59.active24.cz\/?page_id=62"},"modified":"2025-03-02T20:53:14","modified_gmt":"2025-03-02T19:53:14","slug":"stanovy-svj-b3","status":"publish","type":"page","link":"https:\/\/sporilovb3.cz\/?page_id=62","title":{"rendered":"Stanovy SVJ B3"},"content":{"rendered":"<p>Stanovy Spole\u010denstv\u00ed vlastn\u00edk\u016f Spo\u0159ilov B3 \u010d.p. 2522-2527 ke sta\u017een\u00ed <a href=\"https:\/\/sporilovb3.cz\/wp-content\/uploads\/2025\/03\/STANOVY-2017-SVJ-B3.zip\">zde<\/a>.*<\/p>\n<p>&nbsp;<\/p>\n<h6>* Z&nbsp;d\u016fvodu ochrany p\u0159ed p\u0159\u00edstupem neopravn\u011bn\u00fdch osob je soubor zaheslov\u00e1n. V&nbsp;p\u0159\u00edpad\u011b z\u00e1jmu o jeho otev\u0159en\u00ed, za\u0161lete email na <a href=\"mailto:kulhanek%40sporilovb3.cz\"> kulhanek&#064;<!-- ochrana -->sporilovb3.cz<\/a> a obratem V\u00e1m bude zasl\u00e1no heslo k&nbsp;jeho otev\u0159en\u00ed.<\/p>\n","protected":false},"excerpt":{"rendered":"<p>Stanovy Spole\u010denstv\u00ed vlastn\u00edk\u016f Spo\u0159ilov B3 \u010d.p. 2522-2527 ke sta\u017een\u00ed zde.* &nbsp; * Z&nbsp;d\u016fvodu ochrany p\u0159ed p\u0159\u00edstupem neopravn\u011bn\u00fdch osob je soubor zaheslov\u00e1n. V&nbsp;p\u0159\u00edpad\u011b z\u00e1jmu o jeho otev\u0159en\u00ed, za\u0161lete email na kulhanek&#064;sporilovb3.cz a obratem V\u00e1m bude zasl\u00e1no heslo k&nbsp;jeho otev\u0159en\u00ed.<\/p>\n","protected":false},"author":1,"featured_media":0,"parent":48,"menu_order":4,"comment_status":"closed","ping_status":"closed","template":"","meta":{"footnotes":""},"class_list":["post-62","page","type-page","status-publish","hentry"],"_links":{"self":[{"href":"https:\/\/sporilovb3.cz\/index.php?rest_route=\/wp\/v2\/pages\/62","targetHints":{"allow":["GET"]}}],"collection":[{"href":"https:\/\/sporilovb3.cz\/index.php?rest_route=\/wp\/v2\/pages"}],"about":[{"href":"https:\/\/sporilovb3.cz\/index.php?rest_route=\/wp\/v2\/types\/page"}],"author":[{"embeddable":true,"href":"https:\/\/sporilovb3.cz\/index.php?rest_route=\/wp\/v2\/users\/1"}],"replies":[{"embeddable":true,"href":"https:\/\/sporilovb3.cz\/index.php?rest_route=%2Fwp%2Fv2%2Fcomments&post=62"}],"version-history":[{"count":15,"href":"https:\/\/sporilovb3.cz\/index.php?rest_route=\/wp\/v2\/pages\/62\/revisions"}],"predecessor-version":[{"id":575,"href":"https:\/\/sporilovb3.cz\/index.php?rest_route=\/wp\/v2\/pages\/62\/revisions\/575"}],"up":[{"embeddable":true,"href":"https:\/\/sporilovb3.cz\/index.php?rest_route=\/wp\/v2\/pages\/48"}],"wp:attachment":[{"href":"https:\/\/sporilovb3.cz\/index.php?rest_route=%2Fwp%2Fv2%2Fmedia&parent=62"}],"curies":[{"name":"wp","href":"https:\/\/api.w.org\/{rel}","templated":true}]}}