{"id":60,"date":"2017-02-28T19:09:17","date_gmt":"2017-02-28T18:09:17","guid":{"rendered":"http:\/\/sporilovb3.cz.uvirt59.active24.cz\/?page_id=60"},"modified":"2025-03-02T20:47:56","modified_gmt":"2025-03-02T19:47:56","slug":"zapisy-z-jednani-kontrolni-komise","status":"publish","type":"page","link":"https:\/\/sporilovb3.cz\/?page_id=60","title":{"rendered":"Z\u00e1pisy z&nbsp;jedn\u00e1n\u00ed Kontroln\u00ed komise"},"content":{"rendered":"\n<p>Z\u00e1pis z&nbsp;jedn\u00e1n\u00ed Kontroln\u00ed komise ze dne 26.11.2024 ke sta\u017een\u00ed <a href=\"https:\/\/sporilovb3.cz\/wp-content\/uploads\/2025\/03\/Zapis_KK_2024-11-26.zip\">zde<\/a>*<br>\nZ\u00e1pis z&nbsp;jedn\u00e1n\u00ed Kontroln\u00ed komise ze dne 19.11.2023 ke sta\u017een\u00ed <a href=\"https:\/\/sporilovb3.cz\/wp-content\/uploads\/2025\/03\/Zapis_KK_2023-11-19.zip\">zde<\/a>*<br>\nZ\u00e1pis z&nbsp;jedn\u00e1n\u00ed Kontroln\u00ed komise ze dne 31.5.2022 ke sta\u017een\u00ed <a href=\"https:\/\/sporilovb3.cz\/wp-content\/uploads\/2022\/12\/Zapis_KK_2022-05-31.zip\">zde<\/a>*<br>\nZ\u00e1pis z&nbsp;jedn\u00e1n\u00ed Kontroln\u00ed komise ze dne 4.4.2019 ke sta\u017een\u00ed <a href=\"https:\/\/sporilovb3.cz\/wp-content\/uploads\/2019\/06\/Zapis_KK_2019-04-04.zip\">zde<\/a>*<br>\nZ\u00e1pis z&nbsp;jedn\u00e1n\u00ed Kontroln\u00ed komise ze dne 12.4.2018 ke sta\u017een\u00ed <a href=\"https:\/\/sporilovb3.cz\/wp-content\/uploads\/2019\/06\/Zapis_KK_2018-04-12.zip\">zde<\/a>*<br>\nZ\u00e1pis z&nbsp;jedn\u00e1n\u00ed Kontroln\u00ed komise ze dne 13.3.2017 ke sta\u017een\u00ed <a href=\"https:\/\/sporilovb3.cz\/wp-content\/uploads\/2017\/02\/Zapis-KK-2017-03-13.zip\">zde<\/a>*<\/p>\n<p>&nbsp;<\/p>\n<h6>* Z&nbsp;d\u016fvodu ochrany p\u0159ed p\u0159\u00edstupem neopravn\u011bn\u00fdch osob je soubor zaheslov\u00e1n. V&nbsp;p\u0159\u00edpad\u011b z\u00e1jmu o jeho otev\u0159en\u00ed, za\u0161lete email na <a href=\"mailto:kulhanek%40sporilovb3.cz\"> kulhanek@<!-- ochrana -->sporilovb3.cz<\/a> a obratem V\u00e1m bude zasl\u00e1no heslo k&nbsp;jeho otev\u0159en\u00ed.<\/h6>\n<p>&nbsp;<\/p>\n","protected":false},"excerpt":{"rendered":"<p>Z\u00e1pis z&nbsp;jedn\u00e1n\u00ed Kontroln\u00ed komise ze dne 26.11.2024 ke sta\u017een\u00ed zde* Z\u00e1pis z&nbsp;jedn\u00e1n\u00ed Kontroln\u00ed komise ze dne 19.11.2023 ke sta\u017een\u00ed zde* Z\u00e1pis z&nbsp;jedn\u00e1n\u00ed Kontroln\u00ed komise ze dne 31.5.2022 ke sta\u017een\u00ed zde* Z\u00e1pis z&nbsp;jedn\u00e1n\u00ed Kontroln\u00ed komise ze dne 4.4.2019 ke sta\u017een\u00ed zde* Z\u00e1pis z&nbsp;jedn\u00e1n\u00ed Kontroln\u00ed komise ze dne 12.4.2018 ke sta\u017een\u00ed zde* Z\u00e1pis z&nbsp;jedn\u00e1n\u00ed Kontroln\u00ed komise ze [&hellip;]<\/p>\n","protected":false},"author":1,"featured_media":0,"parent":48,"menu_order":3,"comment_status":"closed","ping_status":"closed","template":"","meta":{"footnotes":""},"class_list":["post-60","page","type-page","status-publish","hentry"],"_links":{"self":[{"href":"https:\/\/sporilovb3.cz\/index.php?rest_route=\/wp\/v2\/pages\/60","targetHints":{"allow":["GET"]}}],"collection":[{"href":"https:\/\/sporilovb3.cz\/index.php?rest_route=\/wp\/v2\/pages"}],"about":[{"href":"https:\/\/sporilovb3.cz\/index.php?rest_route=\/wp\/v2\/types\/page"}],"author":[{"embeddable":true,"href":"https:\/\/sporilovb3.cz\/index.php?rest_route=\/wp\/v2\/users\/1"}],"replies":[{"embeddable":true,"href":"https:\/\/sporilovb3.cz\/index.php?rest_route=%2Fwp%2Fv2%2Fcomments&post=60"}],"version-history":[{"count":19,"href":"https:\/\/sporilovb3.cz\/index.php?rest_route=\/wp\/v2\/pages\/60\/revisions"}],"predecessor-version":[{"id":572,"href":"https:\/\/sporilovb3.cz\/index.php?rest_route=\/wp\/v2\/pages\/60\/revisions\/572"}],"up":[{"embeddable":true,"href":"https:\/\/sporilovb3.cz\/index.php?rest_route=\/wp\/v2\/pages\/48"}],"wp:attachment":[{"href":"https:\/\/sporilovb3.cz\/index.php?rest_route=%2Fwp%2Fv2%2Fmedia&parent=60"}],"curies":[{"name":"wp","href":"https:\/\/api.w.org\/{rel}","templated":true}]}}