{"id":58,"date":"2017-02-28T19:08:14","date_gmt":"2017-02-28T18:08:14","guid":{"rendered":"http:\/\/sporilovb3.cz.uvirt59.active24.cz\/?page_id=58"},"modified":"2025-03-02T20:46:26","modified_gmt":"2025-03-02T19:46:26","slug":"zapis-z-jednani-vyboru","status":"publish","type":"page","link":"https:\/\/sporilovb3.cz\/?page_id=58","title":{"rendered":"Z\u00e1pis z&nbsp;jedn\u00e1n\u00ed V\u00fdboru"},"content":{"rendered":"\n<p>Zpr\u00e1va o \u010dinnosti v\u00fdboru SVJ a informace vlastn\u00edk\u016fm bytov\u00fdch jednotek (prosinec 2020) ke sta\u017een\u00ed <a href=\"https:\/\/sporilovb3.cz\/wp-content\/uploads\/2020\/12\/SVJ_B3-Zpr\u00e1va-o-\u010dinnosti-v\u00fdboru-SVJ-a-informace-vlastn\u00edk\u016fm-bytov\u00fdch-jednotek-12-2020.zip\">zde<\/a>*<br>\nRevitalizace &#8211; dopis majitel\u016fm byt\u016f (\u010derven 2020) ke sta\u017een\u00ed <a href=\"https:\/\/sporilovb3.cz\/wp-content\/uploads\/2020\/12\/SVJ_B3-Revitalizace-dopis-majitel\u016fm-byt\u016f-06-2020.zip\">zde<\/a>*\n\n<p>Z\u00e1pis z&nbsp;jedn\u00e1n\u00ed V\u00fdboru SVJ B3 ze dne 22.1.2025 ke sta\u017een\u00ed <a href=\"https:\/\/sporilovb3.cz\/wp-content\/uploads\/2025\/03\/Zapis-Vybor-SVJ-B3-2025-01-22.zip\">zde<\/a>*<br>\nZ\u00e1pis z&nbsp;jedn\u00e1n\u00ed V\u00fdboru SVJ B3 &#8211; souhrnn\u00fd za rok 2024 ke sta\u017een\u00ed <a href=\"https:\/\/sporilovb3.cz\/wp-content\/uploads\/2025\/03\/Zapis_Vybor_SVJ_B3-souhrnny-rok_2024.zip\">zde<\/a>*<br>\nZ\u00e1pis z&nbsp;jedn\u00e1n\u00ed V\u00fdboru SVJ B3 &#8211; souhrnn\u00fd za rok 2023 ke sta\u017een\u00ed <a href=\"https:\/\/sporilovb3.cz\/wp-content\/uploads\/2025\/03\/Zapis_Vybor_SVJ_B3-souhrnny-rok_2023.zip\">zde<\/a>*<br>\nZ\u00e1pis z&nbsp;jedn\u00e1n\u00ed V\u00fdboru SVJ B3 &#8211; souhrnn\u00fd za rok 2022 ke sta\u017een\u00ed <a href=\"https:\/\/sporilovb3.cz\/wp-content\/uploads\/2025\/03\/Zapis_Vybor_SVJ_B3-souhrnny-rok_2022.zip\">zde<\/a>*<br>\nZ\u00e1pis z&nbsp;jedn\u00e1n\u00ed V\u00fdboru SVJ B3 ze dne 7.4.2022 ke sta\u017een\u00ed <a href=\"https:\/\/sporilovb3.cz\/wp-content\/uploads\/2022\/04\/Zapis-Vybor-SVJ-B3-2022-04-07.zip\">zde<\/a>*<br>\nZ\u00e1pis z&nbsp;jedn\u00e1n\u00ed V\u00fdboru SVJ B3 ze dne 19.1.2022 ke sta\u017een\u00ed <a href=\"https:\/\/sporilovb3.cz\/wp-content\/uploads\/2022\/01\/Zapis-Vybor-SVJ-B3-2022-01-19.zip\">zde<\/a>*<br>\nZ\u00e1pis z&nbsp;jedn\u00e1n\u00ed V\u00fdboru SVJ B3 ze dne 3.11.2021 ke sta\u017een\u00ed <a href=\"https:\/\/sporilovb3.cz\/wp-content\/uploads\/2021\/11\/Zapis-Vybor-SVJ-B3-2021-11-03.zip\">zde<\/a>*<br>\nZ\u00e1pis z&nbsp;jedn\u00e1n\u00ed V\u00fdboru SVJ B3 ze dne 16.9.2021 ke sta\u017een\u00ed <a href=\"https:\/\/sporilovb3.cz\/wp-content\/uploads\/2021\/09\/Zapis-Vybor-SVJ-B3-2021-09-16.zip\">zde<\/a>*<br>\nZ\u00e1pis z&nbsp;jedn\u00e1n\u00ed V\u00fdboru SVJ B3 ze dne 21.1.2021 ke sta\u017een\u00ed <a href=\"https:\/\/sporilovb3.cz\/wp-content\/uploads\/2021\/02\/Zapis-Vybor-SVJ-B3-2021-01-25_v2.zip\">zde<\/a>*<br>\nZ\u00e1pis z&nbsp;jedn\u00e1n\u00ed V\u00fdboru SVJ B3 ze dne 20.5.2020 ke sta\u017een\u00ed <a href=\"https:\/\/sporilovb3.cz\/wp-content\/uploads\/2020\/07\/Zapis-Vybor-SVJ-B3-2020-05-20.zip\">zde<\/a>*<br>\nZ\u00e1pis z&nbsp;jedn\u00e1n\u00ed V\u00fdboru SVJ B3 ze dne 31.1.2020 ke sta\u017een\u00ed <a href=\"https:\/\/sporilovb3.cz\/wp-content\/uploads\/2020\/02\/Zapis-Vybor-SVJ-B3-2020-01-31.zip\">zde<\/a>*<br>Z\u00e1pis z&nbsp;jedn\u00e1n\u00ed V\u00fdboru SVJ B3 ze dne 2.12.2019 ke sta\u017een\u00ed <a href=\"https:\/\/sporilovb3.cz\/wp-content\/uploads\/2019\/12\/Zapis-Vybor-SVJ-B3-2019-12-02.zip\">zde<\/a>*<br>Z\u00e1pis z&nbsp;jedn\u00e1n\u00ed V\u00fdboru SVJ B3 ze dne 15.10.2019 ke sta\u017een\u00ed <a href=\"https:\/\/sporilovb3.cz\/wp-content\/uploads\/2019\/10\/Zapis-Vybor-SVJ-B3-2019-10-15.zip\">zde<\/a>*<br>Z\u00e1pis z&nbsp;jedn\u00e1n\u00ed V\u00fdboru SVJ B3 ze dne 12.6.2019 ke sta\u017een\u00ed <a href=\"https:\/\/sporilovb3.cz\/wp-content\/uploads\/2019\/06\/Zapis-Vybor-SVJ-B3-2019-06-12.zip\">zde<\/a>*<br>Z\u00e1pis z&nbsp;jedn\u00e1n\u00ed V\u00fdboru SVJ B3 ze dne 10.4.2019 ke sta\u017een\u00ed <a href=\"https:\/\/sporilovb3.cz\/wp-content\/uploads\/2019\/04\/Zapis-Vybor-SVJ-B3-2019-04-10.zip\">zde<\/a>*<br>Z\u00e1pis z&nbsp;jedn\u00e1n\u00ed V\u00fdboru SVJ B3 ze dne 4.10.2018 ke sta\u017een\u00ed <a href=\"https:\/\/sporilovb3.cz\/wp-content\/uploads\/2018\/11\/Zapis-Vybor-SVJ-B3-2018-10-04.zip\">zde<\/a>*<br>Z\u00e1pis z&nbsp;jedn\u00e1n\u00ed V\u00fdboru SVJ B3 ze dne 22.1.2018 ke sta\u017een\u00ed <a href=\"https:\/\/sporilovb3.cz\/wp-content\/uploads\/2018\/11\/Zapis-Vybor-SVJ-B3-2018-01-22.zip\">zde<\/a>*<br>Z\u00e1pis z&nbsp;jedn\u00e1n\u00ed V\u00fdboru SVJ B3 ze dne 11.7.2017 ke sta\u017een\u00ed <a href=\"https:\/\/sporilovb3.cz\/wp-content\/uploads\/2018\/01\/Zapis-Vybor-SVJ-B3-2017-11-07.zip\">zde<\/a>*<br>Z\u00e1pis z&nbsp;jedn\u00e1n\u00ed V\u00fdboru SVJ B3 ze dne 14.9.2017 ke sta\u017een\u00ed <a href=\"https:\/\/sporilovb3.cz\/wp-content\/uploads\/2018\/01\/Zapis-Vybor-SVJ-B3-2017-09-14.zip\">zde<\/a>*<br>Z\u00e1pis z&nbsp;jedn\u00e1n\u00ed V\u00fdboru SVJ B3 ze dne 26.4.2017 ke sta\u017een\u00ed <a href=\"https:\/\/sporilovb3.cz\/wp-content\/uploads\/2017\/02\/Zapis-Vybor-SVJ-B3-2017-04-26.zip\">zde<\/a>*<br>Z\u00e1pis z&nbsp;jedn\u00e1n\u00ed V\u00fdboru SVJ B3 ze dne 1.3.2017 ke sta\u017een\u00ed <a href=\"https:\/\/sporilovb3.cz\/wp-content\/uploads\/2017\/02\/Zapis-Vybor-SVJ-B3-2017-03-01.zip\">zde<\/a>*<\/p>\n<h6>* Z&nbsp;d\u016fvodu ochrany p\u0159ed p\u0159\u00edstupem neopravn\u011bn\u00fdch osob je soubor zaheslov\u00e1n. V&nbsp;p\u0159\u00edpad\u011b z\u00e1jmu o jeho otev\u0159en\u00ed, za\u0161lete email na <a href=\"mailto:kulhanek%40sporilovb3.cz\"> kulhanek@<!-- ochrana -->sporilovb3.cz<\/a> a obratem V\u00e1m bude zasl\u00e1no heslo k&nbsp;jeho otev\u0159en\u00ed.<\/h6>\n","protected":false},"excerpt":{"rendered":"<p>Zpr\u00e1va o \u010dinnosti v\u00fdboru SVJ a informace vlastn\u00edk\u016fm bytov\u00fdch jednotek (prosinec 2020) ke sta\u017een\u00ed zde* Revitalizace &#8211; dopis majitel\u016fm byt\u016f (\u010derven 2020) ke sta\u017een\u00ed zde* Z\u00e1pis z&nbsp;jedn\u00e1n\u00ed V\u00fdboru SVJ B3 ze dne 22.1.2025 ke sta\u017een\u00ed zde* Z\u00e1pis z&nbsp;jedn\u00e1n\u00ed V\u00fdboru SVJ B3 &#8211; souhrnn\u00fd za rok 2024 ke sta\u017een\u00ed zde* Z\u00e1pis z&nbsp;jedn\u00e1n\u00ed V\u00fdboru SVJ B3 &#8211; [&hellip;]<\/p>\n","protected":false},"author":1,"featured_media":0,"parent":48,"menu_order":2,"comment_status":"closed","ping_status":"closed","template":"","meta":{"footnotes":""},"class_list":["post-58","page","type-page","status-publish","hentry"],"_links":{"self":[{"href":"https:\/\/sporilovb3.cz\/index.php?rest_route=\/wp\/v2\/pages\/58","targetHints":{"allow":["GET"]}}],"collection":[{"href":"https:\/\/sporilovb3.cz\/index.php?rest_route=\/wp\/v2\/pages"}],"about":[{"href":"https:\/\/sporilovb3.cz\/index.php?rest_route=\/wp\/v2\/types\/page"}],"author":[{"embeddable":true,"href":"https:\/\/sporilovb3.cz\/index.php?rest_route=\/wp\/v2\/users\/1"}],"replies":[{"embeddable":true,"href":"https:\/\/sporilovb3.cz\/index.php?rest_route=%2Fwp%2Fv2%2Fcomments&post=58"}],"version-history":[{"count":45,"href":"https:\/\/sporilovb3.cz\/index.php?rest_route=\/wp\/v2\/pages\/58\/revisions"}],"predecessor-version":[{"id":571,"href":"https:\/\/sporilovb3.cz\/index.php?rest_route=\/wp\/v2\/pages\/58\/revisions\/571"}],"up":[{"embeddable":true,"href":"https:\/\/sporilovb3.cz\/index.php?rest_route=\/wp\/v2\/pages\/48"}],"wp:attachment":[{"href":"https:\/\/sporilovb3.cz\/index.php?rest_route=%2Fwp%2Fv2%2Fmedia&parent=58"}],"curies":[{"name":"wp","href":"https:\/\/api.w.org\/{rel}","templated":true}]}}