{"id":56,"date":"2017-02-28T19:07:33","date_gmt":"2017-02-28T18:07:33","guid":{"rendered":"http:\/\/sporilovb3.cz.uvirt59.active24.cz\/?page_id=56"},"modified":"2025-03-02T20:41:54","modified_gmt":"2025-03-02T19:41:54","slug":"zapisy-ze-shromazdeni","status":"publish","type":"page","link":"https:\/\/sporilovb3.cz\/?page_id=56","title":{"rendered":"Z\u00e1pisy ze shrom\u00e1\u017ed\u011bn\u00ed"},"content":{"rendered":"<p>Z\u00e1pis ze Shrom\u00e1\u017ed\u011bn\u00ed Spole\u010denstv\u00ed vlastn\u00edk\u016f Spo\u0159ilov B3 \u010d.p. 2522 &#8211; 2527 ze dne 28.11.2024 ke sta\u017een\u00ed <a href=\"https:\/\/sporilovb3.cz\/wp-content\/uploads\/2025\/03\/Zapis_Shromazdeni_SVJ_B3-2024-11-28.zip\">zde<\/a>*<br \/>\nZ\u00e1pis ze Shrom\u00e1\u017ed\u011bn\u00ed Spole\u010denstv\u00ed vlastn\u00edk\u016f Spo\u0159ilov B3 \u010d.p. 2522 &#8211; 2527 ze dne 21.11.2023 ke sta\u017een\u00ed <a href=\"https:\/\/sporilovb3.cz\/wp-content\/uploads\/2025\/03\/Zapis_Shromazdeni_SVJ_B3-2023-11-21.zip\">zde<\/a>*<br \/>\nZ\u00e1pis ze Shrom\u00e1\u017ed\u011bn\u00ed Spole\u010denstv\u00ed vlastn\u00edk\u016f Spo\u0159ilov B3 \u010d.p. 2522 &#8211; 2527 ze dne 24.11.2022 ke sta\u017een\u00ed <a href=\"https:\/\/sporilovb3.cz\/wp-content\/uploads\/2022\/12\/Zapis-Shromazdeni-SVJ-B3-2022-11-24.zip\">zde<\/a>*<br \/>\nZ\u00e1pis ze Shrom\u00e1\u017ed\u011bn\u00ed Spole\u010denstv\u00ed vlastn\u00edk\u016f Spo\u0159ilov B3 \u010d.p. 2522 &#8211; 2527 ze dne 21.5.2019 ke sta\u017een\u00ed <a href=\"https:\/\/sporilovb3.cz\/wp-content\/uploads\/2019\/06\/Zapis-Shromazdeni-SVJ-B3-2019-05-21.zip\">zde<\/a>*<br \/>\nZ\u00e1pis ze Shrom\u00e1\u017ed\u011bn\u00ed Spole\u010denstv\u00ed vlastn\u00edk\u016f Spo\u0159ilov B3 \u010d.p. 2522 &#8211; 2527 ze dne 15.5.2018 ke sta\u017een\u00ed <a href=\"https:\/\/sporilovb3.cz\/wp-content\/uploads\/2018\/06\/Zapis-Shromazdeni-SVJ-B3-2018-05-15.zip\">zde<\/a>*<br \/>\nZ\u00e1pis ze Shrom\u00e1\u017ed\u011bn\u00ed Spole\u010denstv\u00ed vlastn\u00edk\u016f Spo\u0159ilov B3 \u010d.p. 2522 &#8211; 2527 ze dne 17.5.2017 ke sta\u017een\u00ed <a href=\"https:\/\/sporilovb3.cz\/wp-content\/uploads\/2017\/02\/Zapis-Shromazdeni-SVJ-B3-2017-05-17.zip\">zde<\/a>*<\/p>\n<p>&nbsp;<\/p>\n<h6>* Z&nbsp;d\u016fvodu ochrany p\u0159ed p\u0159\u00edstupem neopravn\u011bn\u00fdch osob je soubor zaheslov\u00e1n. V&nbsp;p\u0159\u00edpad\u011b z\u00e1jmu o jeho otev\u0159en\u00ed, za\u0161lete email na <a href=\"mailto:kulhanek%40sporilovb3.cz\"> kulhanek@<!-- ochrana -->sporilovb3.cz<\/a> a obratem V\u00e1m bude zasl\u00e1no heslo k&nbsp;jeho otev\u0159en\u00ed.<\/h6>\n<p>&nbsp;<\/p>\n","protected":false},"excerpt":{"rendered":"<p>Z\u00e1pis ze Shrom\u00e1\u017ed\u011bn\u00ed Spole\u010denstv\u00ed vlastn\u00edk\u016f Spo\u0159ilov B3 \u010d.p. 2522 &#8211; 2527 ze dne 28.11.2024 ke sta\u017een\u00ed zde* Z\u00e1pis ze Shrom\u00e1\u017ed\u011bn\u00ed Spole\u010denstv\u00ed vlastn\u00edk\u016f Spo\u0159ilov B3 \u010d.p. 2522 &#8211; 2527 ze dne 21.11.2023 ke sta\u017een\u00ed zde* Z\u00e1pis ze Shrom\u00e1\u017ed\u011bn\u00ed Spole\u010denstv\u00ed vlastn\u00edk\u016f Spo\u0159ilov B3 \u010d.p. 2522 &#8211; 2527 ze dne 24.11.2022 ke sta\u017een\u00ed zde* Z\u00e1pis ze Shrom\u00e1\u017ed\u011bn\u00ed Spole\u010denstv\u00ed [&hellip;]<\/p>\n","protected":false},"author":1,"featured_media":0,"parent":48,"menu_order":1,"comment_status":"closed","ping_status":"closed","template":"","meta":{"footnotes":""},"class_list":["post-56","page","type-page","status-publish","hentry"],"_links":{"self":[{"href":"https:\/\/sporilovb3.cz\/index.php?rest_route=\/wp\/v2\/pages\/56","targetHints":{"allow":["GET"]}}],"collection":[{"href":"https:\/\/sporilovb3.cz\/index.php?rest_route=\/wp\/v2\/pages"}],"about":[{"href":"https:\/\/sporilovb3.cz\/index.php?rest_route=\/wp\/v2\/types\/page"}],"author":[{"embeddable":true,"href":"https:\/\/sporilovb3.cz\/index.php?rest_route=\/wp\/v2\/users\/1"}],"replies":[{"embeddable":true,"href":"https:\/\/sporilovb3.cz\/index.php?rest_route=%2Fwp%2Fv2%2Fcomments&post=56"}],"version-history":[{"count":20,"href":"https:\/\/sporilovb3.cz\/index.php?rest_route=\/wp\/v2\/pages\/56\/revisions"}],"predecessor-version":[{"id":569,"href":"https:\/\/sporilovb3.cz\/index.php?rest_route=\/wp\/v2\/pages\/56\/revisions\/569"}],"up":[{"embeddable":true,"href":"https:\/\/sporilovb3.cz\/index.php?rest_route=\/wp\/v2\/pages\/48"}],"wp:attachment":[{"href":"https:\/\/sporilovb3.cz\/index.php?rest_route=%2Fwp%2Fv2%2Fmedia&parent=56"}],"curies":[{"name":"wp","href":"https:\/\/api.w.org\/{rel}","templated":true}]}}