{"id":48,"date":"2017-02-28T18:56:24","date_gmt":"2017-02-28T17:56:24","guid":{"rendered":"http:\/\/sporilovb3.cz.uvirt59.active24.cz\/?page_id=48"},"modified":"2025-03-02T21:15:23","modified_gmt":"2025-03-02T20:15:23","slug":"dokumenty","status":"publish","type":"page","link":"https:\/\/sporilovb3.cz\/?page_id=48","title":{"rendered":"Dokumenty"},"content":{"rendered":"<p><strong>Dokumenty <\/strong>jsou rozd\u011bleny do celkem p\u011bti sekc\u00ed:<\/p>\n<ul>\n<li><strong>Z\u00e1pisy ze shrom\u00e1\u017ed\u011bn\u00ed Spole\u010denstv\u00ed vlastn\u00edk\u016f Spo\u0159ilov B3 \u010d.p. 2522 &#8211; 2527<br \/>\n<\/strong><\/li>\n<li><strong>Z\u00e1pis z&nbsp;jedn\u00e1n\u00ed V\u00fdboru SVJ B3<\/strong><\/li>\n<li><strong>Z\u00e1pisy z&nbsp;jedn\u00e1n\u00ed Kontroln\u00ed komise<\/strong><\/li>\n<li><strong>Stanovy Spole\u010denstv\u00ed vlastn\u00edk\u016f Spo\u0159ilov B3 \u010d.p. 2522 &#8211; 2527<\/strong><\/li>\n<li><strong>Domovn\u00ed \u0159\u00e1d Spole\u010denstv\u00ed vlastn\u00edk\u016f Spo\u0159ilov B3 \u010d.p. 2522 &#8211; 2527 (platn\u00fd od 28.11.2024)<\/strong><\/li>\n<\/ul>\n<p>&nbsp;<\/p>\n","protected":false},"excerpt":{"rendered":"<p>Dokumenty jsou rozd\u011bleny do celkem p\u011bti sekc\u00ed: Z\u00e1pisy ze shrom\u00e1\u017ed\u011bn\u00ed Spole\u010denstv\u00ed vlastn\u00edk\u016f Spo\u0159ilov B3 \u010d.p. 2522 &#8211; 2527 Z\u00e1pis z&nbsp;jedn\u00e1n\u00ed V\u00fdboru SVJ B3 Z\u00e1pisy z&nbsp;jedn\u00e1n\u00ed Kontroln\u00ed komise Stanovy Spole\u010denstv\u00ed vlastn\u00edk\u016f Spo\u0159ilov B3 \u010d.p. 2522 &#8211; 2527 Domovn\u00ed \u0159\u00e1d Spole\u010denstv\u00ed vlastn\u00edk\u016f Spo\u0159ilov B3 \u010d.p. 2522 &#8211; 2527 (platn\u00fd od 28.11.2024) &nbsp;<\/p>\n","protected":false},"author":1,"featured_media":0,"parent":0,"menu_order":0,"comment_status":"closed","ping_status":"closed","template":"","meta":{"footnotes":""},"class_list":["post-48","page","type-page","status-publish","hentry"],"_links":{"self":[{"href":"https:\/\/sporilovb3.cz\/index.php?rest_route=\/wp\/v2\/pages\/48","targetHints":{"allow":["GET"]}}],"collection":[{"href":"https:\/\/sporilovb3.cz\/index.php?rest_route=\/wp\/v2\/pages"}],"about":[{"href":"https:\/\/sporilovb3.cz\/index.php?rest_route=\/wp\/v2\/types\/page"}],"author":[{"embeddable":true,"href":"https:\/\/sporilovb3.cz\/index.php?rest_route=\/wp\/v2\/users\/1"}],"replies":[{"embeddable":true,"href":"https:\/\/sporilovb3.cz\/index.php?rest_route=%2Fwp%2Fv2%2Fcomments&post=48"}],"version-history":[{"count":5,"href":"https:\/\/sporilovb3.cz\/index.php?rest_route=\/wp\/v2\/pages\/48\/revisions"}],"predecessor-version":[{"id":597,"href":"https:\/\/sporilovb3.cz\/index.php?rest_route=\/wp\/v2\/pages\/48\/revisions\/597"}],"wp:attachment":[{"href":"https:\/\/sporilovb3.cz\/index.php?rest_route=%2Fwp%2Fv2%2Fmedia&parent=48"}],"curies":[{"name":"wp","href":"https:\/\/api.w.org\/{rel}","templated":true}]}}