{"id":26,"date":"2017-02-24T17:11:00","date_gmt":"2017-02-24T16:11:00","guid":{"rendered":"http:\/\/sporilovb3.cz.uvirt59.active24.cz\/?page_id=26"},"modified":"2025-02-27T15:25:00","modified_gmt":"2025-02-27T14:25:00","slug":"kontakty","status":"publish","type":"page","link":"https:\/\/sporilovb3.cz\/?page_id=26","title":{"rendered":"Kontakty"},"content":{"rendered":"<p><strong>V\u00fdbor spole\u010denstv\u00ed: <\/strong><a href=\"mailto:vybor%40sporilovb3.cz\"> vybor@<!-- ochrana -->sporilovb3.cz<\/a><br \/>\n<em><strong>P\u0159edseda:<\/strong><\/em><br \/>\nJaroslav Nov\u00e1\u010dek, tel.: 602&nbsp;533&nbsp;027<br \/>\n<a href=\"mailto:novacek@sporilovb3.cz\"> novacek@<!-- ochrana -->sporilovb3.cz<\/a><\/p>\n<p><em><strong>M\u00edstop\u0159edseda:<\/strong><\/em><br \/>\nMiroslav Kulh\u00e1nek, tel. 731&nbsp;448&nbsp;641<br \/>\n<a href=\"mailto:kulhanek%40sporilovb3.cz\"> kulhanek@<!-- ochrana -->sporilovb3.cz<\/a><\/p>\n<p><em><strong>\u010clen:<\/strong><\/em><br \/>\nAnna Sou\u010dkov\u00e1, tel.: 603&nbsp;761&nbsp;785<br \/>\n<a href=\"mailto:souckova@sporilovb3.cz\">souckova@<!-- ochrana -->sporilovb3.cz<\/a><\/p>\n<p><strong>Kontroln\u00ed komise:<\/strong><br \/>\nLadislav Sou\u010dek (p\u0159edseda), tel. 603&nbsp;424&nbsp;181<br \/>\nMartina Otradovcov\u00e1<br \/>\nZden\u011bk Volenec<\/p>\n","protected":false},"excerpt":{"rendered":"<p>V\u00fdbor spole\u010denstv\u00ed: vybor@sporilovb3.cz P\u0159edseda: Jaroslav Nov\u00e1\u010dek, tel.: 602&nbsp;533&nbsp;027 novacek@sporilovb3.cz M\u00edstop\u0159edseda: Miroslav Kulh\u00e1nek, tel. 731&nbsp;448&nbsp;641 kulhanek@sporilovb3.cz \u010clen: Anna Sou\u010dkov\u00e1, tel.: 603&nbsp;761&nbsp;785 souckova@sporilovb3.cz Kontroln\u00ed komise: Ladislav Sou\u010dek (p\u0159edseda), tel. 603&nbsp;424&nbsp;181 Martina Otradovcov\u00e1 Zden\u011bk Volenec<\/p>\n","protected":false},"author":1,"featured_media":0,"parent":0,"menu_order":0,"comment_status":"closed","ping_status":"closed","template":"","meta":{"footnotes":""},"class_list":["post-26","page","type-page","status-publish","hentry"],"_links":{"self":[{"href":"https:\/\/sporilovb3.cz\/index.php?rest_route=\/wp\/v2\/pages\/26","targetHints":{"allow":["GET"]}}],"collection":[{"href":"https:\/\/sporilovb3.cz\/index.php?rest_route=\/wp\/v2\/pages"}],"about":[{"href":"https:\/\/sporilovb3.cz\/index.php?rest_route=\/wp\/v2\/types\/page"}],"author":[{"embeddable":true,"href":"https:\/\/sporilovb3.cz\/index.php?rest_route=\/wp\/v2\/users\/1"}],"replies":[{"embeddable":true,"href":"https:\/\/sporilovb3.cz\/index.php?rest_route=%2Fwp%2Fv2%2Fcomments&post=26"}],"version-history":[{"count":22,"href":"https:\/\/sporilovb3.cz\/index.php?rest_route=\/wp\/v2\/pages\/26\/revisions"}],"predecessor-version":[{"id":558,"href":"https:\/\/sporilovb3.cz\/index.php?rest_route=\/wp\/v2\/pages\/26\/revisions\/558"}],"wp:attachment":[{"href":"https:\/\/sporilovb3.cz\/index.php?rest_route=%2Fwp%2Fv2%2Fmedia&parent=26"}],"curies":[{"name":"wp","href":"https:\/\/api.w.org\/{rel}","templated":true}]}}