{"id":202,"date":"2018-06-13T14:39:52","date_gmt":"2018-06-13T12:39:52","guid":{"rendered":"http:\/\/sporilovb3.cz\/?page_id=202"},"modified":"2025-03-02T20:53:53","modified_gmt":"2025-03-02T19:53:53","slug":"domovni-rad-svj-b3","status":"publish","type":"page","link":"https:\/\/sporilovb3.cz\/?page_id=202","title":{"rendered":"Domovn\u00ed \u0159\u00e1d SVJ B3"},"content":{"rendered":"<p>Domovn\u00ed \u0159\u00e1d Spole\u010denstv\u00ed vlastn\u00edk\u016f Spo\u0159ilov B3 \u010d.p. 2522-2527 (platn\u00fd od 28.11.2024) ke sta\u017een\u00ed <a href=\"https:\/\/sporilovb3.cz\/wp-content\/uploads\/2025\/03\/DOMOVNI-RAD-2024-SVJ-B3.zip\">zde<\/a>.*<\/p>\n<p>&nbsp;<\/p>\n<h6>* Z&nbsp;d\u016fvodu ochrany p\u0159ed p\u0159\u00edstupem neopravn\u011bn\u00fdch osob je soubor zaheslov\u00e1n. V&nbsp;p\u0159\u00edpad\u011b z\u00e1jmu o jeho otev\u0159en\u00ed, za\u0161lete email na <a href=\"mailto:kulhanek%40sporilovb3.cz\"> kulhanek&#064;<!-- ochrana -->sporilovb3.cz<\/a> a obratem V\u00e1m bude zasl\u00e1no heslo k&nbsp;jeho otev\u0159en\u00ed.<\/p>\n","protected":false},"excerpt":{"rendered":"<p>Domovn\u00ed \u0159\u00e1d Spole\u010denstv\u00ed vlastn\u00edk\u016f Spo\u0159ilov B3 \u010d.p. 2522-2527 (platn\u00fd od 28.11.2024) ke sta\u017een\u00ed zde.* &nbsp; * Z&nbsp;d\u016fvodu ochrany p\u0159ed p\u0159\u00edstupem neopravn\u011bn\u00fdch osob je soubor zaheslov\u00e1n. V&nbsp;p\u0159\u00edpad\u011b z\u00e1jmu o jeho otev\u0159en\u00ed, za\u0161lete email na kulhanek&#064;sporilovb3.cz a obratem V\u00e1m bude zasl\u00e1no heslo k&nbsp;jeho otev\u0159en\u00ed.<\/p>\n","protected":false},"author":1,"featured_media":0,"parent":48,"menu_order":5,"comment_status":"closed","ping_status":"closed","template":"","meta":{"footnotes":""},"class_list":["post-202","page","type-page","status-publish","hentry"],"_links":{"self":[{"href":"https:\/\/sporilovb3.cz\/index.php?rest_route=\/wp\/v2\/pages\/202","targetHints":{"allow":["GET"]}}],"collection":[{"href":"https:\/\/sporilovb3.cz\/index.php?rest_route=\/wp\/v2\/pages"}],"about":[{"href":"https:\/\/sporilovb3.cz\/index.php?rest_route=\/wp\/v2\/types\/page"}],"author":[{"embeddable":true,"href":"https:\/\/sporilovb3.cz\/index.php?rest_route=\/wp\/v2\/users\/1"}],"replies":[{"embeddable":true,"href":"https:\/\/sporilovb3.cz\/index.php?rest_route=%2Fwp%2Fv2%2Fcomments&post=202"}],"version-history":[{"count":4,"href":"https:\/\/sporilovb3.cz\/index.php?rest_route=\/wp\/v2\/pages\/202\/revisions"}],"predecessor-version":[{"id":576,"href":"https:\/\/sporilovb3.cz\/index.php?rest_route=\/wp\/v2\/pages\/202\/revisions\/576"}],"up":[{"embeddable":true,"href":"https:\/\/sporilovb3.cz\/index.php?rest_route=\/wp\/v2\/pages\/48"}],"wp:attachment":[{"href":"https:\/\/sporilovb3.cz\/index.php?rest_route=%2Fwp%2Fv2%2Fmedia&parent=202"}],"curies":[{"name":"wp","href":"https:\/\/api.w.org\/{rel}","templated":true}]}}