{"id":149,"date":"2017-05-08T10:10:19","date_gmt":"2017-05-08T08:10:19","guid":{"rendered":"http:\/\/sporilovb3.cz\/?page_id=149"},"modified":"2023-05-02T12:19:29","modified_gmt":"2023-05-02T10:19:29","slug":"revitalizace","status":"publish","type":"page","link":"https:\/\/sporilovb3.cz\/?page_id=149","title":{"rendered":"Revitalizace"},"content":{"rendered":"<p>Projektov\u00e1 dokumentace &#8222;Revitalizace bytov\u00e9ho domu Hrusick\u00e1 2522-2527&#8220; ze dne 21.10.2022 je v&nbsp;p\u0159\u00edpad\u011b z\u00e1jmu k&nbsp;nahl\u00e9dnut\u00ed v&nbsp;kancel\u00e1\u0159i SVJ B3.<\/p>\n<p>D\u00e1le ke sta\u017een\u00ed informace zaslan\u00e9 vlastn\u00edk\u016fm k&nbsp;pr\u016fb\u011bhu revitalizace domu:<\/p>\n<ul>\n<li><a href=\"https:\/\/sporilovb3.cz\/wp-content\/uploads\/2023\/05\/1D2-Informativni-dopis-Revitalizace-c.1-O-PZ-ZL.pdf\" target=\"_blank\" rel=\"noopener\">INFORMATIVN\u00cd DOPIS REVITALIZACE \u010d.1: OBJEDN\u00c1VKA P\u0158EDOKENN\u00cdCH \u017dALUZI\u00cd A ZASKLEN\u00cd LOD\u017dIE<\/a><\/li>\n<li><a href=\"https:\/\/sporilovb3.cz\/wp-content\/uploads\/2023\/05\/1D2-Informativni-dopis-Revitalizace-c.2-O-PZ-ZL.pdf\" target=\"_blank\" rel=\"noopener\">INFORMATIVN\u00cd DOPIS REVITALIZACE \u010d.2: OBJEDN\u00c1VKA P\u0158EDOKENN\u00cdCH \u017dALUZI\u00cd A ZASKLEN\u00cd LOD\u017dIE<\/a><\/li>\n<li><a href=\"https:\/\/sporilovb3.cz\/wp-content\/uploads\/2023\/05\/1D5-Informativni-dopis-Revitalizace-c.3-O-PZ-ZLdalsi.pdf\" target=\"_blank\" rel=\"noopener\">INFORMATIVN\u00cd DOPIS REVITALIZACE \u010d.3: OBJEDN\u00c1VKA P\u0158EDOKENN\u00cdCH \u017dALUZI\u00cd (SEVER) A DAL\u0160\u00cd P\u0158\u00cdSLU\u0160ENSTV\u00cd<\/a><\/li>\n<\/ul>\n","protected":false},"excerpt":{"rendered":"<p>Projektov\u00e1 dokumentace &#8222;Revitalizace bytov\u00e9ho domu Hrusick\u00e1 2522-2527&#8220; ze dne 21.10.2022 je v&nbsp;p\u0159\u00edpad\u011b z\u00e1jmu k&nbsp;nahl\u00e9dnut\u00ed v&nbsp;kancel\u00e1\u0159i SVJ B3. D\u00e1le ke sta\u017een\u00ed informace zaslan\u00e9 vlastn\u00edk\u016fm k&nbsp;pr\u016fb\u011bhu revitalizace domu: INFORMATIVN\u00cd DOPIS REVITALIZACE \u010d.1: OBJEDN\u00c1VKA P\u0158EDOKENN\u00cdCH \u017dALUZI\u00cd A ZASKLEN\u00cd LOD\u017dIE INFORMATIVN\u00cd DOPIS REVITALIZACE \u010d.2: OBJEDN\u00c1VKA P\u0158EDOKENN\u00cdCH \u017dALUZI\u00cd A ZASKLEN\u00cd LOD\u017dIE INFORMATIVN\u00cd DOPIS REVITALIZACE \u010d.3: OBJEDN\u00c1VKA P\u0158EDOKENN\u00cdCH \u017dALUZI\u00cd (SEVER) A [&hellip;]<\/p>\n","protected":false},"author":1,"featured_media":0,"parent":48,"menu_order":6,"comment_status":"closed","ping_status":"closed","template":"","meta":{"footnotes":""},"class_list":["post-149","page","type-page","status-publish","hentry"],"_links":{"self":[{"href":"https:\/\/sporilovb3.cz\/index.php?rest_route=\/wp\/v2\/pages\/149","targetHints":{"allow":["GET"]}}],"collection":[{"href":"https:\/\/sporilovb3.cz\/index.php?rest_route=\/wp\/v2\/pages"}],"about":[{"href":"https:\/\/sporilovb3.cz\/index.php?rest_route=\/wp\/v2\/types\/page"}],"author":[{"embeddable":true,"href":"https:\/\/sporilovb3.cz\/index.php?rest_route=\/wp\/v2\/users\/1"}],"replies":[{"embeddable":true,"href":"https:\/\/sporilovb3.cz\/index.php?rest_route=%2Fwp%2Fv2%2Fcomments&post=149"}],"version-history":[{"count":12,"href":"https:\/\/sporilovb3.cz\/index.php?rest_route=\/wp\/v2\/pages\/149\/revisions"}],"predecessor-version":[{"id":483,"href":"https:\/\/sporilovb3.cz\/index.php?rest_route=\/wp\/v2\/pages\/149\/revisions\/483"}],"up":[{"embeddable":true,"href":"https:\/\/sporilovb3.cz\/index.php?rest_route=\/wp\/v2\/pages\/48"}],"wp:attachment":[{"href":"https:\/\/sporilovb3.cz\/index.php?rest_route=%2Fwp%2Fv2%2Fmedia&parent=149"}],"curies":[{"name":"wp","href":"https:\/\/api.w.org\/{rel}","templated":true}]}}